{"id":97,"date":"2021-04-11T07:18:47","date_gmt":"2021-04-11T07:18:47","guid":{"rendered":"https:\/\/fixmovilmanager.com\/?page_id=97"},"modified":"2024-04-27T04:32:21","modified_gmt":"2024-04-27T04:32:21","slug":"contacto-2","status":"publish","type":"page","link":"https:\/\/fixmovilmanager.com\/index.php\/contacto-2\/","title":{"rendered":"Contacto"},"content":{"rendered":"\n<figure class=\"wp-block-image size-large is-resized is-style-default\"><img loading=\"lazy\" decoding=\"async\" src=\"https:\/\/fixmovilmanager.com\/wp-content\/uploads\/2023\/01\/20190120_154023-3-1024x576.jpg\" alt=\"\" class=\"wp-image-336\" width=\"841\" height=\"472\" srcset=\"https:\/\/fixmovilmanager.com\/wp-content\/uploads\/2023\/01\/20190120_154023-3-1024x576.jpg 1024w, https:\/\/fixmovilmanager.com\/wp-content\/uploads\/2023\/01\/20190120_154023-3-300x169.jpg 300w, https:\/\/fixmovilmanager.com\/wp-content\/uploads\/2023\/01\/20190120_154023-3-768x432.jpg 768w, https:\/\/fixmovilmanager.com\/wp-content\/uploads\/2023\/01\/20190120_154023-3-1536x863.jpg 1536w, https:\/\/fixmovilmanager.com\/wp-content\/uploads\/2023\/01\/20190120_154023-3-2048x1151.jpg 2048w\" sizes=\"auto, (max-width: 841px) 100vw, 841px\" \/><\/figure>\n\n\n\n<p>Para mas informaci\u00f3n al respecto puedes contactarme directamente a mi correo mmcjimmy@gmail.com o en mi <strong>Pagina de facebook<\/strong>: JimmyMarquez.<br><\/p>\n\n\n\n<div class=\"wp-block-buttons is-layout-flex wp-block-buttons-is-layout-flex\">\n<div class=\"wp-block-button\"><a class=\"wp-block-button__link\" href=\"ventas@fixmovilmanager.com\" target=\"_blank\" rel=\"noreferrer noopener\"><img loading=\"lazy\" decoding=\"async\" width=\"92\" height=\"92\" class=\"wp-image-163\" style=\"width: 92px;\" src=\"https:\/\/fixmovilmanager.com\/wp-content\/uploads\/2021\/04\/847c083cc09040091439e3c05d1fedde.png\" alt=\"\" srcset=\"https:\/\/fixmovilmanager.com\/wp-content\/uploads\/2021\/04\/847c083cc09040091439e3c05d1fedde.png 1600w, https:\/\/fixmovilmanager.com\/wp-content\/uploads\/2021\/04\/847c083cc09040091439e3c05d1fedde-300x300.png 300w, https:\/\/fixmovilmanager.com\/wp-content\/uploads\/2021\/04\/847c083cc09040091439e3c05d1fedde-1024x1024.png 1024w, https:\/\/fixmovilmanager.com\/wp-content\/uploads\/2021\/04\/847c083cc09040091439e3c05d1fedde-150x150.png 150w, https:\/\/fixmovilmanager.com\/wp-content\/uploads\/2021\/04\/847c083cc09040091439e3c05d1fedde-768x768.png 768w, https:\/\/fixmovilmanager.com\/wp-content\/uploads\/2021\/04\/847c083cc09040091439e3c05d1fedde-1536x1536.png 1536w\" sizes=\"auto, (max-width: 92px) 100vw, 92px\" \/><br>ventas@fixmovilmanager.com<\/a><\/div>\n\n\n\n<div class=\"wp-block-button\"><a class=\"wp-block-button__link\" href=\"https:\/\/www.facebook.com\/mmcJimmyMarquez\" target=\"_blank\" rel=\"noreferrer noopener\"><img loading=\"lazy\" decoding=\"async\" width=\"92\" height=\"92\" class=\"wp-image-165\" style=\"width: 92px;\" src=\"https:\/\/fixmovilmanager.com\/wp-content\/uploads\/2021\/04\/f66d49097e18978ddf46282c233040a9.png\" alt=\"\" srcset=\"https:\/\/fixmovilmanager.com\/wp-content\/uploads\/2021\/04\/f66d49097e18978ddf46282c233040a9.png 512w, https:\/\/fixmovilmanager.com\/wp-content\/uploads\/2021\/04\/f66d49097e18978ddf46282c233040a9-300x300.png 300w, https:\/\/fixmovilmanager.com\/wp-content\/uploads\/2021\/04\/f66d49097e18978ddf46282c233040a9-150x150.png 150w\" sizes=\"auto, (max-width: 92px) 100vw, 92px\" \/><br>Jimmy M\u00e1rquez<\/a><\/div>\n<\/div>\n\n\n\n<figure class=\"wp-block-embed is-type-video is-provider-youtube wp-block-embed-youtube wp-embed-aspect-16-9 wp-has-aspect-ratio\"><div class=\"wp-block-embed__wrapper\">\n<iframe loading=\"lazy\" title=\"FixMovilManager 2.0 funciones\" width=\"1170\" height=\"658\" src=\"https:\/\/www.youtube.com\/embed\/LOpckdQoe08?feature=oembed\" frameborder=\"0\" allow=\"accelerometer; autoplay; clipboard-write; encrypted-media; gyroscope; picture-in-picture; web-share\" allowfullscreen><\/iframe>\n<\/div><\/figure>\n\n\n\n<h2 class=\"wp-block-heading\">Acerca del programa.<\/h2>\n\n\n\n<p>El producto final es un instalado similar al del demo pero personalizado con los datos de tu taller, nombre del taller, direcci\u00f3n, tel\u00e9fono, eslogan, ciudad. Otros datos como Logo, t\u00e9rminos y condiciones , tipo de moneda, color de fondo, entre otros par\u00e1metros son totalmente personalizables desde los ajustes del programa. <br>Si aun no haz probado el demo te invito a descargarlo y cualquier duda en su funcionamiento u opciones que requieras puedes coment\u00e1rmelo a mi whatsapp o messenger de mi informaci\u00f3n de contacto. Si estas seguro de la compra revisa Cuentas y m\u00e9todos<strong> de pago<\/strong>.<\/p>\n\n\n\n<div class=\"wp-block-buttons is-layout-flex wp-block-buttons-is-layout-flex\">\n<div class=\"wp-block-button\"><a class=\"wp-block-button__link\" href=\"https:\/\/fixmovilmanager.com\/Descargas\/FixMovilManager 2.2404 DEMO.exe\">Descarga el DEMO<\/a><\/div>\n<\/div>\n\n\n\n<h2 class=\"wp-block-heading\">Cuentas y m\u00e9todos de pago<\/h2>\n\n\n\n<p>Si eres de M\u00e9xico o si tu pa\u00eds lo permite, puedes hacer dep\u00f3sitos a cualquiera de estas 2 cuentas:<\/p>\n\n\n\n<p><strong>4213 1661 1237 9791 <span class=\"has-inline-color has-vivid-red-color\">HSBC<\/span><\/strong><br><strong><span class=\"has-inline-color has-vivid-cyan-blue-color\">BBVA<\/span><\/strong><br><strong>Tarjeta :<\/strong> 4152 3138 8843 6446<br><strong>Cuenta:<\/strong> 155 284 3919<\/p>\n\n\n\n<p><strong><span class=\"has-inline-color has-black-color\"><\/span><\/strong><\/p>\n\n\n\n<div class=\"wp-block-buttons is-layout-flex wp-block-buttons-is-layout-flex\">\n<div class=\"wp-block-button is-style-outline is-style-outline--1\"><a class=\"wp-block-button__link has-white-background-color has-background\" href=\"https:\/\/link.mercadopago.com.mx\/mmcsoft\" style=\"border-radius:12px\" target=\"_blank\" rel=\"noreferrer noopener\"><img loading=\"lazy\" decoding=\"async\" width=\"150\" height=\"150\" class=\"wp-image-344\" style=\"width: 150px;\" src=\"https:\/\/fixmovilmanager.com\/wp-content\/uploads\/2023\/07\/icon-256x256-1.png\" alt=\"\" srcset=\"https:\/\/fixmovilmanager.com\/wp-content\/uploads\/2023\/07\/icon-256x256-1.png 256w, https:\/\/fixmovilmanager.com\/wp-content\/uploads\/2023\/07\/icon-256x256-1-150x150.png 150w\" sizes=\"auto, (max-width: 150px) 100vw, 150px\" \/><\/a><\/div>\n<\/div>\n\n\n\n<p>Si deseas mas seguridad, pago v\u00eda <span class=\"has-inline-color has-black-color\"><strong>PayPa<\/strong>l<\/span>:<\/p>\n\n\n\n<form action=\"https:\/\/www.paypal.com\/cgi-bin\/webscr\" method=\"post\" target=\"_top\">\n<input type=\"hidden\" name=\"cmd\" value=\"_s-xclick\">\n<input type=\"hidden\" name=\"hosted_button_id\" value=\"VZ866DVUAF674\">\n<input type=\"image\" src=\"https:\/\/www.paypalobjects.com\/es_XC\/MX\/i\/btn\/btn_buynowCC_LG.gif\" name=\"submit\" alt=\"PayPal, la forma m\u00e1s segura y r\u00e1pida de pagar en l\u00ednea.\" border=\"0\">\n<img loading=\"lazy\" decoding=\"async\" alt=\"\" src=\"https:\/\/www.paypalobjects.com\/es_XC\/i\/scr\/pixel.gif\" width=\"1\" height=\"1\" border=\"0\">\n<\/form>\n\n\n\n<p><\/p>\n\n\n\n<p>Una vez hecho el pago enviar a cualquier medio el comprobante y los datos de tu taller con el siguiente formato:<\/p>\n\n\n\n<p><strong>Nombre del taller:<\/strong>     Celulares Guadalajara<br><strong>Tel\u00e9fono del taller:<\/strong>     6421475445<br><strong>Eslogan del taller:<\/strong>      Reparaciones y accesorios<br><strong>Direcci\u00f3n: <\/strong>                 Guerrero #106, Col. Centro entre Pesqueira y no reelecci\u00f3n.<br><strong>Ciudad,Estado: <\/strong>          Navojoa, Sonora.<\/p>\n\n\n\n<!-- Messenger plugin de chat Code -->\n    <div id=\"fb-root\"><\/div>\n      <script>\n        window.fbAsyncInit = function() {\n          FB.init({\n            xfbml            : true,\n            version          : 'v10.0'\n          });\n        };\n\n        (function(d, s, id) {\n          var js, fjs = d.getElementsByTagName(s)[0];\n          if (d.getElementById(id)) return;\n          js = d.createElement(s); js.id = id;\n          js.src = 'https:\/\/connect.facebook.net\/es_LA\/sdk\/xfbml.customerchat.js';\n          fjs.parentNode.insertBefore(js, fjs);\n        }(document, 'script', 'facebook-jssdk'));\n      <\/script>\n\n      <!-- Your plugin de chat code -->\n      <div class=\"fb-customerchat\" attribution=\"biz_inbox\" page_id=\"449087455437185\">\n      <\/div>\n\n\n\n<p><\/p>\n","protected":false},"excerpt":{"rendered":"<p>Para mas informaci\u00f3n al respecto puedes contactarme directamente a mi correo mmcjimmy@gmail.com o en mi Pagina de facebook: JimmyMarquez. Acerca del programa. El producto final es un instalado similar al del demo pero personalizado con los datos de tu taller, nombre del taller, direcci\u00f3n, tel\u00e9fono, eslogan, ciudad. Otros datos como Logo, t\u00e9rminos y condiciones , [&hellip;]<\/p>\n","protected":false},"author":1,"featured_media":0,"parent":0,"menu_order":0,"comment_status":"closed","ping_status":"closed","template":"","meta":{"om_disable_all_campaigns":false,"_monsterinsights_skip_tracking":false,"_monsterinsights_sitenote_active":false,"_monsterinsights_sitenote_note":"","_monsterinsights_sitenote_category":0,"footnotes":""},"class_list":["post-97","page","type-page","status-publish","hentry"],"_links":{"self":[{"href":"https:\/\/fixmovilmanager.com\/index.php\/wp-json\/wp\/v2\/pages\/97","targetHints":{"allow":["GET"]}}],"collection":[{"href":"https:\/\/fixmovilmanager.com\/index.php\/wp-json\/wp\/v2\/pages"}],"about":[{"href":"https:\/\/fixmovilmanager.com\/index.php\/wp-json\/wp\/v2\/types\/page"}],"author":[{"embeddable":true,"href":"https:\/\/fixmovilmanager.com\/index.php\/wp-json\/wp\/v2\/users\/1"}],"replies":[{"embeddable":true,"href":"https:\/\/fixmovilmanager.com\/index.php\/wp-json\/wp\/v2\/comments?post=97"}],"version-history":[{"count":39,"href":"https:\/\/fixmovilmanager.com\/index.php\/wp-json\/wp\/v2\/pages\/97\/revisions"}],"predecessor-version":[{"id":402,"href":"https:\/\/fixmovilmanager.com\/index.php\/wp-json\/wp\/v2\/pages\/97\/revisions\/402"}],"wp:attachment":[{"href":"https:\/\/fixmovilmanager.com\/index.php\/wp-json\/wp\/v2\/media?parent=97"}],"curies":[{"name":"wp","href":"https:\/\/api.w.org\/{rel}","templated":true}]}}