{"id":110,"date":"2021-04-11T20:28:48","date_gmt":"2021-04-11T20:28:48","guid":{"rendered":"https:\/\/fixmovilmanager.com\/?page_id=110"},"modified":"2025-04-29T15:47:12","modified_gmt":"2025-04-29T15:47:12","slug":"descargar-demo","status":"publish","type":"page","link":"https:\/\/fixmovilmanager.com\/index.php\/descargar-demo\/","title":{"rendered":"Descargar Demo"},"content":{"rendered":"\n<p>Descarga el demo de FixMovilmanager, conoce sus funciones.<\/p>\n\n\n\n<figure class=\"wp-block-embed is-type-video is-provider-youtube wp-block-embed-youtube wp-embed-aspect-16-9 wp-has-aspect-ratio\"><div class=\"wp-block-embed__wrapper\">\n<iframe loading=\"lazy\" title=\"FixMovilManager 2.0 Anuncio.\" width=\"1170\" height=\"658\" src=\"https:\/\/www.youtube.com\/embed\/DdtZInSQKC4?feature=oembed\" frameborder=\"0\" allow=\"accelerometer; autoplay; clipboard-write; encrypted-media; gyroscope; picture-in-picture; web-share\" referrerpolicy=\"strict-origin-when-cross-origin\" allowfullscreen><\/iframe>\n<\/div><\/figure>\n\n\n\n<p>Este sistema es unicamente para sistemas Windows, probado en versiones windows 7 a windows 10 32 y 64 bits.<br>Idioma Espa\u00f1ol, pr\u00f3ximamente ingles.<br> <br>Descarga aqu\u00ed:        <\/p>\n\n\n\n<p><strong>IMPORTANTE:    <\/strong><br><strong><span class=\"has-inline-color has-vivid-red-color\">Chrome<\/span> <\/strong>esta bloqueando la descarga de ejecutables, puedes usar <strong><span style=\"color:#2c3236\" class=\"has-inline-color\">Edge o Firefox<\/span><\/strong> o <br>autorizar desde el <strong>historial de descargas completo<\/strong> del mismo, en opciones <em>Descargar de todos modos<\/em>. <br><strong> <\/strong>Si tienes problemas con la descarga no dudes en contactar v\u00eda whatsapp o email.<br><br><strong>Usuario:<\/strong>  <strong><span class=\"has-inline-color has-vivid-red-color\">demo <\/span>  <\/strong>  <br><strong>Contrase\u00f1a:<\/strong>  <strong><span class=\"has-inline-color has-vivid-red-color\">demo<\/span><\/strong><\/p>\n\n\n\n<div class=\"wp-block-buttons is-layout-flex wp-block-buttons-is-layout-flex\">\n<div class=\"wp-block-button\"><a class=\"wp-block-button__link\" href=\"https:\/\/fixmovilmanager.com\/Descargas\/FixMovilManager 2.2404 DEMO.exe\" target=\"_blank\" rel=\"noreferrer noopener\">Descarga FixMovilManager 2.2404 Demo<img loading=\"lazy\" decoding=\"async\" width=\"45\" height=\"39\" class=\"wp-image-106\" style=\"width: 45px;\" src=\"https:\/\/fixmovilmanager.com\/wp-content\/uploads\/2021\/04\/LogotransparentePNG-1.png\" alt=\"\" srcset=\"https:\/\/fixmovilmanager.com\/wp-content\/uploads\/2021\/04\/LogotransparentePNG-1.png 1084w, https:\/\/fixmovilmanager.com\/wp-content\/uploads\/2021\/04\/LogotransparentePNG-1-300x262.png 300w, https:\/\/fixmovilmanager.com\/wp-content\/uploads\/2021\/04\/LogotransparentePNG-1-1024x896.png 1024w, https:\/\/fixmovilmanager.com\/wp-content\/uploads\/2021\/04\/LogotransparentePNG-1-768x672.png 768w\" sizes=\"auto, (max-width: 45px) 100vw, 45px\" \/><\/a><\/div>\n<\/div>\n\n\n\n<p>Si te ha convencido y quieres un instalador con los datos de tu taller , solic\u00edtala a cualquier medio de los publicados en contacto: <\/p>\n\n\n\n<p><br><strong>Email: <\/strong>mmcjimmy@gmail.com<br><\/p>\n\n\n\n<h2 class=\"wp-block-heading\">Cuentas y m\u00e9todos de pago<\/h2>\n\n\n\n<p>Si eres de M\u00e9xico o si tu pa\u00eds lo permite, puedes hacer dep\u00f3sitos a cualquiera de estas 2 cuentas:<\/p>\n\n\n\n<p><strong>4213 1661 1237 9791 <span class=\"has-inline-color has-vivid-red-color\">HSBC<\/span><br><span style=\"color:#1b0ce4\" class=\"has-inline-color\">BBVA<\/span><\/strong><br><strong>Tarjeta :<\/strong> 4152 3138 8843 6446<br><strong>Cuenta:<\/strong> 155 284 3919<\/p>\n\n\n\n<p>Si deseas mas seguridad paga v\u00eda <strong>Paypal<\/strong>:<\/p>\n\n\n\n<script \n  src=\"https:\/\/www.paypal.com\/sdk\/js?client-id=BAA7rFTaJN_AhJZEVJBXp8feOXZQ4PfbfTyB4gyWdGxbp93M3hGtHyiXeROqFsGEKbpVvh6BbPgMak_6HM&#038;components=hosted-buttons&#038;disable-funding=venmo&#038;currency=MXN\">\n<\/script>\n<div id=\"paypal-container-TR5MD5KV9RTLW\"><\/div>\n<script>\n  paypal.HostedButtons({\n    hostedButtonId: \"TR5MD5KV9RTLW\",\n  }).render(\"#paypal-container-TR5MD5KV9RTLW\")\n<\/script>\n\n\n\n<div class=\"wp-block-buttons is-layout-flex wp-block-buttons-is-layout-flex\">\n<div class=\"wp-block-button is-style-outline is-style-outline--1\"><a class=\"wp-block-button__link\" href=\"https:\/\/paypal.me\/mmcjimmy?locale.x=es_XC\" target=\"_blank\" rel=\"noreferrer noopener\"><img loading=\"lazy\" decoding=\"async\" width=\"150\" height=\"150\" class=\"wp-image-113\" style=\"width: 150px;\" src=\"https:\/\/fixmovilmanager.com\/wp-content\/uploads\/2021\/04\/580b57fcd9996e24bc43c530-e1618173301401.png\" alt=\"\" srcset=\"https:\/\/fixmovilmanager.com\/wp-content\/uploads\/2021\/04\/580b57fcd9996e24bc43c530-e1618173301401.png 400w, https:\/\/fixmovilmanager.com\/wp-content\/uploads\/2021\/04\/580b57fcd9996e24bc43c530-e1618173301401-300x300.png 300w, https:\/\/fixmovilmanager.com\/wp-content\/uploads\/2021\/04\/580b57fcd9996e24bc43c530-e1618173301401-150x150.png 150w\" sizes=\"auto, (max-width: 150px) 100vw, 150px\" \/><\/a><\/div>\n\n\n\n<div class=\"wp-block-button is-style-outline is-style-outline--2\"><a class=\"wp-block-button__link\" href=\"https:\/\/link.mercadopago.com.mx\/mmcsoft\" target=\"_blank\" rel=\"noreferrer noopener\"><img loading=\"lazy\" decoding=\"async\" width=\"150\" height=\"150\" class=\"wp-image-344\" style=\"width: 150px;\" src=\"https:\/\/fixmovilmanager.com\/wp-content\/uploads\/2023\/07\/icon-256x256-1.png\" alt=\"\" srcset=\"https:\/\/fixmovilmanager.com\/wp-content\/uploads\/2023\/07\/icon-256x256-1.png 256w, https:\/\/fixmovilmanager.com\/wp-content\/uploads\/2023\/07\/icon-256x256-1-150x150.png 150w\" sizes=\"auto, (max-width: 150px) 100vw, 150px\" \/><\/a><\/div>\n<\/div>\n\n\n\n<p>Una vez hecho el pago enviar a cualquier medio el comprobante y los datos de tu taller con el siguiente formato:<\/p>\n\n\n\n<p>ventas@fixmovilmanager.com<br>martinmarquez@fixmovilmanager.com<br><\/p>\n\n\n\n<p><strong>Nombre del taller:<\/strong> Celulares Guadalajara<br><strong>Tel\u00e9fono del taller:<\/strong> 6421475445<br><strong>Eslogan del taller:<\/strong> Reparaciones y accesorios<br><strong>Direcci\u00f3n:<\/strong> Guerrero #106, Col. Centro entre Pesqueira y no reelecci\u00f3n.<br><strong>Ciudad,Estado:<\/strong> Navojoa, Sonora.<\/p>\n\n\n\n<!-- Messenger plugin de chat Code -->\n    <div id=\"fb-root\"><\/div>\n      <script>\n        window.fbAsyncInit = function() {\n          FB.init({\n            xfbml            : true,\n            version          : 'v10.0'\n          });\n        };\n\n        (function(d, s, id) {\n          var js, fjs = d.getElementsByTagName(s)[0];\n          if (d.getElementById(id)) return;\n          js = d.createElement(s); js.id = id;\n          js.src = 'https:\/\/connect.facebook.net\/es_LA\/sdk\/xfbml.customerchat.js';\n          fjs.parentNode.insertBefore(js, fjs);\n        }(document, 'script', 'facebook-jssdk'));\n      <\/script>\n\n      <!-- Your plugin de chat code -->\n      <div class=\"fb-customerchat\" attribution=\"biz_inbox\" page_id=\"449087455437185\">\n      <\/div>\n","protected":false},"excerpt":{"rendered":"<p>Descarga el demo de FixMovilmanager, conoce sus funciones. Este sistema es unicamente para sistemas Windows, probado en versiones windows 7 a windows 10 32 y 64 bits.Idioma Espa\u00f1ol, pr\u00f3ximamente ingles. Descarga aqu\u00ed: IMPORTANTE: Chrome esta bloqueando la descarga de ejecutables, puedes usar Edge o Firefox o autorizar desde el historial de descargas completo del mismo, [&hellip;]<\/p>\n","protected":false},"author":1,"featured_media":0,"parent":0,"menu_order":0,"comment_status":"closed","ping_status":"closed","template":"","meta":{"om_disable_all_campaigns":false,"_monsterinsights_skip_tracking":false,"_monsterinsights_sitenote_active":false,"_monsterinsights_sitenote_note":"","_monsterinsights_sitenote_category":0,"footnotes":""},"class_list":["post-110","page","type-page","status-publish","hentry"],"_links":{"self":[{"href":"https:\/\/fixmovilmanager.com\/index.php\/wp-json\/wp\/v2\/pages\/110","targetHints":{"allow":["GET"]}}],"collection":[{"href":"https:\/\/fixmovilmanager.com\/index.php\/wp-json\/wp\/v2\/pages"}],"about":[{"href":"https:\/\/fixmovilmanager.com\/index.php\/wp-json\/wp\/v2\/types\/page"}],"author":[{"embeddable":true,"href":"https:\/\/fixmovilmanager.com\/index.php\/wp-json\/wp\/v2\/users\/1"}],"replies":[{"embeddable":true,"href":"https:\/\/fixmovilmanager.com\/index.php\/wp-json\/wp\/v2\/comments?post=110"}],"version-history":[{"count":31,"href":"https:\/\/fixmovilmanager.com\/index.php\/wp-json\/wp\/v2\/pages\/110\/revisions"}],"predecessor-version":[{"id":432,"href":"https:\/\/fixmovilmanager.com\/index.php\/wp-json\/wp\/v2\/pages\/110\/revisions\/432"}],"wp:attachment":[{"href":"https:\/\/fixmovilmanager.com\/index.php\/wp-json\/wp\/v2\/media?parent=110"}],"curies":[{"name":"wp","href":"https:\/\/api.w.org\/{rel}","templated":true}]}}